{"id":219,"date":"2014-03-02T19:29:50","date_gmt":"2014-03-02T19:29:50","guid":{"rendered":"https:\/\/nueva.amautores.com\/wordpress\/?page_id=219"},"modified":"2025-10-22T19:34:36","modified_gmt":"2025-10-22T19:34:36","slug":"blog","status":"publish","type":"page","link":"https:\/\/nueva.amautores.com\/?page_id=219","title":{"rendered":"BLOG"},"content":{"rendered":"<h1 data-content=\"Blog &lt;br&gt;AMAUTORES\">Blog<br \/>\nAMAUTORES<\/h1>\n<p>El Blog de AMA ser\u00e1 el lugar donde exponer la informaci\u00f3n m\u00e1s \u00fatil y actual de nuestro sector. Podremos debatir y compartir pensamientos relacionados con la m\u00fasica y todo lo que la rodea.<\/p>\n","protected":false},"excerpt":{"rendered":"<p>Blog AMAUTORES El Blog de AMA ser\u00e1 el lugar donde exponer la informaci\u00f3n m\u00e1s \u00fatil y actual de nuestro sector. Podremos debatir y compartir pensamientos relacionados con la m\u00fasica y todo lo que la rodea.<\/p>\n","protected":false},"author":4,"featured_media":0,"parent":0,"menu_order":0,"comment_status":"closed","ping_status":"closed","template":"","meta":{"_acf_changed":false,"footnotes":""},"class_list":["post-219","page","type-page","status-publish","hentry"],"acf":[],"_links":{"self":[{"href":"https:\/\/nueva.amautores.com\/index.php?rest_route=\/wp\/v2\/pages\/219","targetHints":{"allow":["GET"]}}],"collection":[{"href":"https:\/\/nueva.amautores.com\/index.php?rest_route=\/wp\/v2\/pages"}],"about":[{"href":"https:\/\/nueva.amautores.com\/index.php?rest_route=\/wp\/v2\/types\/page"}],"author":[{"embeddable":true,"href":"https:\/\/nueva.amautores.com\/index.php?rest_route=\/wp\/v2\/users\/4"}],"replies":[{"embeddable":true,"href":"https:\/\/nueva.amautores.com\/index.php?rest_route=%2Fwp%2Fv2%2Fcomments&post=219"}],"version-history":[{"count":75,"href":"https:\/\/nueva.amautores.com\/index.php?rest_route=\/wp\/v2\/pages\/219\/revisions"}],"predecessor-version":[{"id":5023,"href":"https:\/\/nueva.amautores.com\/index.php?rest_route=\/wp\/v2\/pages\/219\/revisions\/5023"}],"wp:attachment":[{"href":"https:\/\/nueva.amautores.com\/index.php?rest_route=%2Fwp%2Fv2%2Fmedia&parent=219"}],"curies":[{"name":"wp","href":"https:\/\/api.w.org\/{rel}","templated":true}]}}