{"id":2310,"date":"2017-03-10T14:13:19","date_gmt":"2017-03-10T14:13:19","guid":{"rendered":"https:\/\/nueva.amautores.com\/?page_id=2310"},"modified":"2025-10-22T19:41:37","modified_gmt":"2025-10-22T19:41:37","slug":"inscripcion","status":"publish","type":"page","link":"https:\/\/nueva.amautores.com\/?page_id=2310","title":{"rendered":"Inscripcion"},"content":{"rendered":"<p><img decoding=\"async\" width=\"800\" height=\"585\" src=\"https:\/\/nueva.amautores.com\/wp-content\/uploads\/2016\/12\/TB-calavera-PNG-1030x753.png\" alt=\"\" loading=\"lazy\" srcset=\"https:\/\/nueva.amautores.com\/wp-content\/uploads\/2016\/12\/TB-calavera-PNG-1030x753.png 1030w, https:\/\/nueva.amautores.com\/wp-content\/uploads\/2016\/12\/TB-calavera-PNG-300x219.png 300w, https:\/\/nueva.amautores.com\/wp-content\/uploads\/2016\/12\/TB-calavera-PNG-768x561.png 768w, https:\/\/nueva.amautores.com\/wp-content\/uploads\/2016\/12\/TB-calavera-PNG-1500x1096.png 1500w, https:\/\/nueva.amautores.com\/wp-content\/uploads\/2016\/12\/TB-calavera-PNG-705x515.png 705w, https:\/\/nueva.amautores.com\/wp-content\/uploads\/2016\/12\/TB-calavera-PNG-450x329.png 450w, https:\/\/nueva.amautores.com\/wp-content\/uploads\/2016\/12\/TB-calavera-PNG.png 1601w\" sizes=\"auto, (max-width: 800px) 100vw, 800px\" \/>\t\t\t\t\t\t\t\t\t\t\t\t\t\t\t<\/p>\n<h2>No te quedes impasible en tu local de ensayo o frente al protools<br \/>\nmientras tu profesi\u00f3n se hunde.<br \/>\n\u00a1Participa en la construcci\u00f3n de tu futuro!<br \/>\n<\/h2>\n<h2>\nHazte Socio o Colaborador de AMA<br \/>\n<\/h2>\n<p>\u00a0<\/p>\n<table>\n<tbody>\n<tr>\n<td style=\"text-align: center; width: 269px;\"><strong>Servicios<\/strong><\/td>\n<td style=\"text-align: center; width: 114px;\"><strong>Socio de Pleno Derecho<\/strong><\/td>\n<td style=\"text-align: center; width: 109px;\"><strong>Socio Colaborador<\/strong><\/td>\n<\/tr>\n<tr>\n<td style=\"width: 269px;\">\n<h6>Asesor\u00eda jur\u00eddica en asuntos de derechos de autor y relacionados<\/h6>\n<\/td>\n<td style=\"text-align: center; width: 114px;\">\n<h6>Completa (menos pleitos)<\/h6>\n<\/td>\n<td style=\"text-align: center; width: 109px;\">\n<h6>B\u00e1sica<\/h6>\n<\/td>\n<\/tr>\n<tr>\n<td style=\"width: 269px;\">\n<h6>Asesor\u00eda para registros de obras (SGAE, Creative Commons, Propiedad Intelectual, etc.)<\/h6>\n<\/td>\n<td style=\"text-align: center; width: 114px;\">\n<h6>Completa<\/h6>\n<\/td>\n<td style=\"text-align: center; width: 109px;\">\n<h6>B\u00e1sica<\/h6>\n<\/td>\n<\/tr>\n<tr>\n<td style=\"width: 269px;\">\n<h6>Participaci\u00f3n, remunerada en su caso, en los proyectos de AMA (p.ej., AMA en Vivo)<\/h6>\n<\/td>\n<td style=\"text-align: center; width: 114px;\">\n<h6>Si<\/h6>\n<\/td>\n<td style=\"text-align: center; width: 109px;\">\n<h6>No<\/h6>\n<\/td>\n<\/tr>\n<tr>\n<td style=\"width: 269px;\">\n<h6>Acceso gratuito al curso online de Songwriting exclusivo de AMA<\/h6>\n<\/td>\n<td style=\"text-align: center; width: 114px;\">\n<h6>Si<\/h6>\n<\/td>\n<td style=\"text-align: center; width: 109px;\">\n<h6>SI*<\/h6>\n<\/td>\n<\/tr>\n<tr>\n<td style=\"width: 269px;\">\n<h6>Recibir bolet\u00edn de noticias de AMA<\/h6>\n<\/td>\n<td style=\"text-align: center; width: 114px;\">\n<h6>Si<\/h6>\n<\/td>\n<td style=\"text-align: center; width: 109px;\">\n<h6>Si<\/h6>\n<\/td>\n<\/tr>\n<tr>\n<td style=\"width: 269px;\">\n<h6>Derecho a voz y voto en asambleas.(AMA 1 socio = 1 voto)<\/h6>\n<\/td>\n<td style=\"text-align: center; width: 114px;\">\n<h6>Si<\/h6>\n<\/td>\n<td style=\"text-align: center; width: 109px;\">\n<h6>No<\/h6>\n<\/td>\n<\/tr>\n<tr>\n<td style=\"width: 269px;\">\n<h6>Opci\u00f3n a proponer proyectos para AMA, dentro de las l\u00edneas de la asociaci\u00f3n<\/h6>\n<\/td>\n<td style=\"text-align: center; width: 114px;\">\n<h6>Si<\/h6>\n<\/td>\n<td style=\"text-align: center; width: 109px;\">\n<h6>Si<\/h6>\n<\/td>\n<\/tr>\n<tr>\n<td style=\"width: 269px;\">\n<h6>Conseguir descuentos en las compras de material profesional (en proyecto)<\/h6>\n<\/td>\n<td style=\"text-align: center; width: 114px;\">\n<h6>Si<\/h6>\n<\/td>\n<td style=\"text-align: center; width: 109px;\">\n<h6>No<\/h6>\n<\/td>\n<\/tr>\n<tr>\n<td style=\"text-align: center; width: 504px;\" colspan=\"3\">\u00a0<\/td>\n<\/tr>\n<\/tbody>\n<\/table>\n<p>\u00a0<\/p>\n<section>\n<p>En ambos casos, estar\u00e1s promoviendo tu bienestar profesional al apoyar a una asociaci\u00f3n que representa en Europa a los autores de m\u00fasica popular espa\u00f1oles,\u00a0\u00a0 defendiendo los derechos de autor en todos sus aspectos: econ\u00f3mico, legal, moral y social.<\/p>\n<\/section>\n<form method='post' enctype='multipart\/form-data'  id='gform_1'  action='\/wp-admin\/admin-ajax.php'>\n<h3 class='gform_title'>Socio de Pleno Derecho<\/h3>\n<p>                            Quieres ser Socio de Pleno Derecho?<\/p>\n<ul id='gform_fields_1' class='gform_fields top_label form_sublabel_below description_below'>\n<li id='field_1_1'  class='gfield gfield_contains_required field_sublabel_below field_description_below gfield_visibility_visible' ><label class='gfield_label gfield_label_before_complex'  >Nombre*<\/label><br \/>\n                                                    <input type='text' name='input_1.3' id='input_1_1_3' value='' aria-label='Nombre'   aria-required=\"true\" aria-invalid=\"false\" \/><br \/>\n                                                    <label for='input_1_1_3' >Nombre<\/label><br \/>\n                                                    <input type='text' name='input_1.6' id='input_1_1_6' value='' aria-label='Apellidos'   aria-required=\"true\" aria-invalid=\"false\" \/><br \/>\n                                                    <label for='input_1_1_6' >Apellidos<\/label>\n                        <\/li>\n<li id='field_1_2'  class='gfield gfield_contains_required field_sublabel_below field_description_below gfield_visibility_visible' ><label class='gfield_label' for='input_1_2' >Email*<\/label><br \/>\n                            <input name='input_2' id='input_1_2' type='text' value='' class='medium'    aria-required=\"true\" aria-invalid=\"false\" \/>\n                        <\/li>\n<li id='field_1_3'  class='gfield gfield_contains_required field_sublabel_below field_description_below gfield_visibility_visible' ><label class='gfield_label'  >Consentimiento*<\/label><input name='input_3.1' id='input_1_3_1' type='checkbox' value='1'   aria-required=\"true\" aria-invalid=\"false\"   \/> <label for='input_1_3_1' ><a href=\"https:\/\/nueva.amautores.com\/condiciones-generales\/\" target=\"_blank\" rel=\"noopener\">He le\u00eddo y acepto los t\u00e9rminos y condiciones de uso<\/a><\/label><input type='hidden' name='input_3.2' value='&lt;a href=&quot;https:\/\/nueva.amautores.com\/condiciones-generales\/&quot; target=&quot;_blank&quot; rel=&quot;noopener&quot;&gt;He le\u00eddo y acepto los t\u00e9rminos y condiciones de uso&lt;\/a&gt;' class='gform_hidden' \/><input type='hidden' name='input_3.3' value='6' class='gform_hidden' \/><\/li>\n<li id='field_1_5'  class='gfield gfield_contains_required field_sublabel_below field_description_below gfield_visibility_visible' ><label class='gfield_label'  >Quieres ser Socio de Pleno Derecho de AMA AUTORES ?*<\/label>\n<ul class='gfield_radio' id='input_1_5'>\n<li class='gchoice_1_5_0'><input name='input_5' type='radio' value='s\u00ed'  id='choice_1_5_0'    \/><label for='choice_1_5_0' id='label_1_5_0'>s\u00ed<\/label><\/li>\n<li class='gchoice_1_5_1'><input name='input_5' type='radio' value='no'  id='choice_1_5_1'    \/><label for='choice_1_5_1' id='label_1_5_1'>no<\/label><\/li>\n<\/ul>\n<\/li>\n<li id='field_1_4'  class='gfield gfield_contains_required field_sublabel_below field_description_below hidden_label gfield_visibility_visible' ><label class='gfield_label'  >Acepto mi ingreso como Socio de Pleno derecho en AMA*<\/label><input name='input_4.1' id='input_1_4_1' type='checkbox' value='1'  aria-describedby='gfield_consent_description_1_4' aria-required=\"true\" aria-invalid=\"false\"   \/> <label for='input_1_4_1' >Acepto mi ingreso como Socio de Pleno derecho en AMA<\/label>*<input type='hidden' name='input_4.2' value='Acepto mi ingreso como Socio de Pleno derecho en AMA' class='gform_hidden' \/><input type='hidden' name='input_4.3' value='6' class='gform_hidden' \/>Acepto mi ingreso como Socio de Pleno Derecho en AMA, con las condiciones mostradas en esta p\u00e1gina.<\/li>\n<\/ul>\n<p>         <input type='submit' id='gform_submit_button_1' class='gform_button button' value='Enviar'  onclick='if(window[\"gf_submitting_1\"]){return false;}  window[\"gf_submitting_1\"]=true;  ' onkeypress='if( event.keyCode == 13 ){ if(window[\"gf_submitting_1\"]){return false;} window[\"gf_submitting_1\"]=true;  jQuery(\"#gform_1\").trigger(\"submit\",[true]); }' \/><br \/>\n            <input type='hidden' class='gform_hidden' name='is_submit_1' value='1' \/><br \/>\n            <input type='hidden' class='gform_hidden' name='gform_submit' value='1' \/><br \/>\n            <input type='hidden' class='gform_hidden' name='gform_unique_id' value='' \/><br \/>\n            <input type='hidden' class='gform_hidden' name='state_1' value='WyJ7XCIzLjFcIjpcIjJhYWVmNjIzNjUzNGNhNTFkMGZiNDFkMzhhMzc3NWRmXCIsXCIzLjJcIjpcImY0NTQxMmYyYjQ0MDEyNTUzNzMyZmNlMjJiYWI3OTc0XCIsXCIzLjNcIjpcImY5ZjNlNjEyZjgwMzc2ZmE4MWFhNjcyNDFiZGY3OTllXCIsXCI0LjFcIjpcIjJhYWVmNjIzNjUzNGNhNTFkMGZiNDFkMzhhMzc3NWRmXCIsXCI0LjJcIjpcIjEyMTY1NzE3OWNjMGI3ZWNiZjZlOTg5MDZmYjkwYzBjXCIsXCI0LjNcIjpcImY5ZjNlNjEyZjgwMzc2ZmE4MWFhNjcyNDFiZGY3OTllXCJ9IiwiYjJkOGNkZDEyZGJlMTRmY2RhYWM2MDJmMWQ0OTM5NWEiXQ==' \/><br \/>\n            <input type='hidden' class='gform_hidden' name='gform_target_page_number_1' id='gform_target_page_number_1' value='0' \/><br \/>\n            <input type='hidden' class='gform_hidden' name='gform_source_page_number_1' id='gform_source_page_number_1' value='1' \/><br \/>\n            <input type='hidden' name='gform_field_values' value='' \/><br \/>\n                        <\/form>\n<form method='post' enctype='multipart\/form-data'  id='gform_2'  action='\/wp-admin\/admin-ajax.php'>\n<h3 class='gform_title'>Socio Colaborador<\/h3>\n<p>                            Quieres ser Socio Colaborador?<\/p>\n<ul id='gform_fields_2' class='gform_fields top_label form_sublabel_below description_below'>\n<li id='field_2_1'  class='gfield gfield_contains_required field_sublabel_below field_description_below gfield_visibility_visible' ><label class='gfield_label gfield_label_before_complex'  >Nombre*<\/label><br \/>\n                                                    <input type='text' name='input_1.3' id='input_2_1_3' value='' aria-label='Nombre'   aria-required=\"true\" aria-invalid=\"false\" \/><br \/>\n                                                    <label for='input_2_1_3' >Nombre<\/label><br \/>\n                                                    <input type='text' name='input_1.6' id='input_2_1_6' value='' aria-label='Apellidos'   aria-required=\"true\" aria-invalid=\"false\" \/><br \/>\n                                                    <label for='input_2_1_6' >Apellidos<\/label>\n                        <\/li>\n<li id='field_2_2'  class='gfield gfield_contains_required field_sublabel_below field_description_below gfield_visibility_visible' ><label class='gfield_label' for='input_2_2' >Email*<\/label><br \/>\n                            <input name='input_2' id='input_2_2' type='text' value='' class='medium'    aria-required=\"true\" aria-invalid=\"false\" \/>\n                        <\/li>\n<li id='field_2_4'  class='gfield gfield_contains_required field_sublabel_below field_description_below gfield_visibility_visible' ><label class='gfield_label'  >Consentimiento*<\/label><input name='input_4.1' id='input_2_4_1' type='checkbox' value='1'   aria-required=\"true\" aria-invalid=\"false\"   \/> <label for='input_2_4_1' ><a href=\"https:\/\/nueva.amautores.com\/condiciones-generales\/\" target=\"_blank\" rel=\"noopener\">He le\u00eddo y acepto los t\u00e9rminos y condiciones de uso<\/a><\/label><input type='hidden' name='input_4.2' value='&lt;a href=&quot;https:\/\/nueva.amautores.com\/condiciones-generales\/&quot; target=&quot;_blank&quot; rel=&quot;noopener&quot;&gt;He le\u00eddo y acepto los t\u00e9rminos y condiciones de uso&lt;\/a&gt;' class='gform_hidden' \/><input type='hidden' name='input_4.3' value='7' class='gform_hidden' \/><\/li>\n<li id='field_2_9'  class='gfield gfield_contains_required field_sublabel_below field_description_below gfield_visibility_visible' ><label class='gfield_label'  >Quieres ser Socio colaborado de AMA AUTORES*<\/label>\n<ul class='gfield_radio' id='input_2_9'>\n<li class='gchoice_2_9_0'><input name='input_9' type='radio' value='si'  id='choice_2_9_0'    \/><label for='choice_2_9_0' id='label_2_9_0'>si<\/label><\/li>\n<li class='gchoice_2_9_1'><input name='input_9' type='radio' value='no'  id='choice_2_9_1'    \/><label for='choice_2_9_1' id='label_2_9_1'>no<\/label><\/li>\n<\/ul>\n<\/li>\n<li id='field_2_5'  class='gfield gfield_contains_required field_sublabel_below field_description_below hidden_label gfield_visibility_visible' ><label class='gfield_label'  >Acepto condiciones de ingreso*<\/label><input name='input_5.1' id='input_2_5_1' type='checkbox' value='1'  aria-describedby='gfield_consent_description_2_5' aria-required=\"true\" aria-invalid=\"false\"   \/> <label for='input_2_5_1' >Acepto mi ingreso como Socio Colaborador en AMA<\/label>*<input type='hidden' name='input_5.2' value='Acepto mi ingreso como Socio Colaborador en AMA' class='gform_hidden' \/><input type='hidden' name='input_5.3' value='7' class='gform_hidden' \/>Acepto mi ingreso como Socio Colaborador en AMA, con las condiciones que me han sido comunicadas via email. Esta colaboraci\u00f3n no me obliga al pago de cuota alguna.<\/li>\n<\/ul>\n<p>         <input type='submit' id='gform_submit_button_2' class='gform_button button' value='Enviar'  onclick='if(window[\"gf_submitting_2\"]){return false;}  window[\"gf_submitting_2\"]=true;  ' onkeypress='if( event.keyCode == 13 ){ if(window[\"gf_submitting_2\"]){return false;} window[\"gf_submitting_2\"]=true;  jQuery(\"#gform_2\").trigger(\"submit\",[true]); }' \/><br \/>\n            <input type='hidden' class='gform_hidden' name='is_submit_2' value='1' \/><br \/>\n            <input type='hidden' class='gform_hidden' name='gform_submit' value='2' \/><br \/>\n            <input type='hidden' class='gform_hidden' name='gform_unique_id' value='' \/><br \/>\n            <input type='hidden' class='gform_hidden' name='state_2' value='WyJ7XCI0LjFcIjpcIjJhYWVmNjIzNjUzNGNhNTFkMGZiNDFkMzhhMzc3NWRmXCIsXCI0LjJcIjpcImY0NTQxMmYyYjQ0MDEyNTUzNzMyZmNlMjJiYWI3OTc0XCIsXCI0LjNcIjpcIjU3ZjIzYjI3Y2I1ZDNjMTVjMzI4ZWM3NjcwZjk3NzJhXCIsXCI1LjFcIjpcIjJhYWVmNjIzNjUzNGNhNTFkMGZiNDFkMzhhMzc3NWRmXCIsXCI1LjJcIjpcImJjZGVhMjVjMGEwZWMzZjIxNTkzYWIxZWVlYTZmOGRhXCIsXCI1LjNcIjpcIjU3ZjIzYjI3Y2I1ZDNjMTVjMzI4ZWM3NjcwZjk3NzJhXCJ9IiwiODhmY2MzNjM2NTM2NmYxNGVlMDU0OGNiNmMzYWFjNjIiXQ==' \/><br \/>\n            <input type='hidden' class='gform_hidden' name='gform_target_page_number_2' id='gform_target_page_number_2' value='0' \/><br \/>\n            <input type='hidden' class='gform_hidden' name='gform_source_page_number_2' id='gform_source_page_number_2' value='1' \/><br \/>\n            <input type='hidden' name='gform_field_values' value='' \/><br \/>\n                        <\/form>\n","protected":false},"excerpt":{"rendered":"<p>No te quedes impasible en tu local de ensayo o frente al protools mientras tu profesi\u00f3n se hunde. \u00a1Participa en la construcci\u00f3n de tu futuro! Hazte Socio o Colaborador de AMA \u00a0 Servicios Socio de Pleno Derecho Socio Colaborador Asesor\u00eda jur\u00eddica en asuntos de derechos de autor y relacionados Completa (menos pleitos) B\u00e1sica Asesor\u00eda para [&hellip;]<\/p>\n","protected":false},"author":4,"featured_media":0,"parent":0,"menu_order":0,"comment_status":"closed","ping_status":"closed","template":"","meta":{"_acf_changed":false,"footnotes":""},"class_list":["post-2310","page","type-page","status-publish","hentry"],"acf":[],"_links":{"self":[{"href":"https:\/\/nueva.amautores.com\/index.php?rest_route=\/wp\/v2\/pages\/2310","targetHints":{"allow":["GET"]}}],"collection":[{"href":"https:\/\/nueva.amautores.com\/index.php?rest_route=\/wp\/v2\/pages"}],"about":[{"href":"https:\/\/nueva.amautores.com\/index.php?rest_route=\/wp\/v2\/types\/page"}],"author":[{"embeddable":true,"href":"https:\/\/nueva.amautores.com\/index.php?rest_route=\/wp\/v2\/users\/4"}],"replies":[{"embeddable":true,"href":"https:\/\/nueva.amautores.com\/index.php?rest_route=%2Fwp%2Fv2%2Fcomments&post=2310"}],"version-history":[{"count":100,"href":"https:\/\/nueva.amautores.com\/index.php?rest_route=\/wp\/v2\/pages\/2310\/revisions"}],"predecessor-version":[{"id":4962,"href":"https:\/\/nueva.amautores.com\/index.php?rest_route=\/wp\/v2\/pages\/2310\/revisions\/4962"}],"wp:attachment":[{"href":"https:\/\/nueva.amautores.com\/index.php?rest_route=%2Fwp%2Fv2%2Fmedia&parent=2310"}],"curies":[{"name":"wp","href":"https:\/\/api.w.org\/{rel}","templated":true}]}}